{"id":24242,"date":"2016-02-15T12:26:17","date_gmt":"2016-02-15T16:26:17","guid":{"rendered":"https:\/\/bicorppr.com\/?page_id=24242&#038;lang=es"},"modified":"2016-05-04T10:38:38","modified_gmt":"2016-05-04T14:38:38","slug":"inicio","status":"publish","type":"page","link":"https:\/\/bicorppr.com\/es\/","title":{"rendered":"Inicio"},"content":{"rendered":"<p>[vc_row full_width=\u00bbstretch_row\u00bb bg_type=\u00bbimage\u00bb bg_image_new=\u00bb23694&#8243; bg_image_repeat=\u00bbno-repeat\u00bb bg_image_posiiton=\u00bb0 50%\u00bb parallax_content=\u00bbparallax_content_value\u00bb parallax_content_sense=\u00bb70&#8243; fadeout_row=\u00bbfadeout_row_value\u00bb fadeout_start_effect=\u00bb50&#8243; enable_overlay=\u00bbenable_overlay_value\u00bb overlay_color=\u00bbrgba(3,8,8,0.5)\u00bb seperator_enable=\u00bbseperator_enable_value\u00bb seperator_type=\u00bbxlarge_triangle_seperator\u00bb seperator_position=\u00bbbottom_seperator\u00bb seperator_svg_height=\u00bb100&#8243; seperator_shape_background=\u00bb#ffffff\u00bb css=\u00bb.vc_custom_1443029831130{margin-bottom: 0px !important;padding-top: 240px !important;padding-bottom: 220px !important;}\u00bb][vc_column]<h1 class=\"boc_heading  center  \"  style=\"margin-bottom: 20px;margin-top: 0px;text-align: center;color: #ffffff;font-size: 54px;\"><span><strong style=\"color: #b7b7b7 !important;\">Tecnolog\u00eda<\/strong> aplicada a <strong style=\"color: #b7b7b7 !important;\">tu negocio <\/strong><\/span><\/h1><div class=\"boc_divider_holder\"><div class=\"boc_divider  \"  style=\"margin-top: 16px;margin-bottom: 24px;width: 100px;margin-left: auto; margin-right: auto;height: 1px;background: rgba(255,255,255,0.25);\"><\/div><\/div><h2 class=\"boc_heading  center  boc_subheading \"  style=\"margin-bottom: 20px;margin-top: 0px;text-align: center;color: rgba(255,255,255,0.8);font-size: 25px;\"><span>Soporte, infraestructura y consultor\u00eda<\/span><\/h2>[\/vc_column][\/vc_row][vc_row][vc_column]<div class=\"boc_spacing \" style=\"height: 5px\"><\/div>[vc_column_text el_class=\u00bbhome-whois-bi\u00bb]Aunque no lo creas, la tecnolog\u00eda y los\u00a0procesos de IT juegan una parte importante en el \u00e9xito de tu negocio.\u00a0<strong>Business Intelligence of Puerto Rico<\/strong>\u00a0ofrece soluciones de IT dise\u00f1adas especialmente para tu empresa. Somos el apoyo perfecto para tu departamento de tecnolog\u00eda. Proveemos licencias,\u00a0asesor\u00eda, \u00a0actualizaci\u00f3n de infraestructura y m\u00e1s.[\/vc_column_text][\/vc_column][\/vc_row][vc_row][vc_column]<div class=\"boc_spacing \" style=\"height: 10px\"><\/div>[\/vc_column][\/vc_row][vc_row full_width=\u00bbstretch_row_content_no_spaces\u00bb equal_height=\u00bbyes\u00bb bg_type=\u00bbbg_color\u00bb bg_override=\u00bbfull\u00bb seperator_enable=\u00bbseperator_enable_value\u00bb seperator_type=\u00bbtilt_right_seperator\u00bb seperator_position=\u00bbtop_bottom_seperator\u00bb seperator_svg_height=\u00bb70&#8243; seperator_shape_background=\u00bb#ffffff\u00bb icon_type=\u00bbno_icon\u00bb icon_size=\u00bb32&#8243; icon_style=\u00bbnone\u00bb icon_color_border=\u00bb#333333&#8243; icon_border_size=\u00bb1&#8243; icon_border_radius=\u00bb500&#8243; icon_border_spacing=\u00bb50&#8243; img_width=\u00bb48&#8243; bg_color_value=\u00bb#253030&#8243;][vc_column width=\u00bb1\/2&#8243; css=\u00bb.vc_custom_1443121431968{padding-top: 70px !important;padding-right: 100px !important;padding-bottom: 70px !important;padding-left: 100px !important;background-image: url(https:\/\/bicorppr.com\/wp-content\/uploads\/2015\/04\/home-nit11.jpg?id=23759) !important;background-position: center !important;background-repeat: no-repeat !important;background-size: cover !important;}\u00bb offset=\u00bbvc_hidden-md vc_hidden-sm vc_hidden-xs\u00bb el_class=\u00bbequal_height_column\u00bb][\/vc_column][vc_column css=\u00bb.vc_custom_1428487263061{padding-top: 150px !important;padding-right: 70px !important;padding-bottom: 120px !important;padding-left: 70px !important;}\u00bb el_class=\u00bbwhite_text equal_height_column\u00bb offset=\u00bbvc_col-lg-6 vc_col-md-12 vc_col-xs-12&#8243;]<h2 class=\"boc_heading  center  boc_animate_when_almost_visible boc_right-to-left\"  style=\"margin-bottom: 20px;margin-top: 0px;text-align: center;color: #ffffff;font-size: 32px;\"><span>Business Intelligence presenta<\/span><\/h2><div class=\"boc_divider_holder\"><div class=\"boc_divider  \"  style=\"margin-top: 20px;margin-bottom: 20px;width: 100px;margin-left: auto; margin-right: auto;height: 1px;background: rgba(255,255,255,0.17);\"><\/div><\/div><h2 class=\"boc_heading  center  boc_animate_when_almost_visible boc_right-to-left\"  style=\"margin-bottom: 20px;margin-top: 0px;text-align: center;color: #ffffff;font-size: 32px;\"><span>NIT <strong>&#8211; IT en la nube<\/strong><\/span><\/h2>[vc_row_inner][vc_column_inner width=\u00bb1\/2&#8243; css=\u00bb.vc_custom_1427987809551{padding-top: 20px !important;padding-right: 20px !important;padding-bottom: 20px !important;padding-left: 20px !important;}\u00bb]<div class=\"boc_list_item  \" >\n\t\t\t\t\t<span class=\"li_icon normal \" style=\"\"><i class=\"icon icon-check2\" style=\"color: #3b78a2;\"><\/i><\/span>\n\t\t\t\t\t<div class=\"boc_list_item_text normal\">Microsoft Office 365<\/div>\n\t\t\t\t   <\/div><div class=\"boc_list_item  \" >\n\t\t\t\t\t<span class=\"li_icon normal \" style=\"\"><i class=\"icon icon-check2\" style=\"color: #3b78a2;\"><\/i><\/span>\n\t\t\t\t\t<div class=\"boc_list_item_text normal\">Apoyo t\u00e9cnico<\/div>\n\t\t\t\t   <\/div><div class=\"boc_list_item  \" >\n\t\t\t\t\t<span class=\"li_icon normal \" style=\"\"><i class=\"icon icon-check2\" style=\"color: #3b78a2;\"><\/i><\/span>\n\t\t\t\t\t<div class=\"boc_list_item_text normal\">Ejecutivo de cuentas<\/div>\n\t\t\t\t   <\/div>[\/vc_column_inner][vc_column_inner width=\u00bb1\/2&#8243; css=\u00bb.vc_custom_1427987815993{padding-top: 20px !important;padding-right: 20px !important;padding-bottom: 20px !important;padding-left: 20px !important;}\u00bb]<div class=\"boc_list_item  \" >\n\t\t\t\t\t<span class=\"li_icon normal \" style=\"\"><i class=\"icon icon-check2\" style=\"color: #3b78a2;\"><\/i><\/span>\n\t\t\t\t\t<div class=\"boc_list_item_text normal\">Antivirus<\/div>\n\t\t\t\t   <\/div><div class=\"boc_list_item  \" >\n\t\t\t\t\t<span class=\"li_icon normal \" style=\"\"><i class=\"icon icon-check2\" style=\"color: #3b78a2;\"><\/i><\/span>\n\t\t\t\t\t<div class=\"boc_list_item_text normal\">Migraciones de correo electr\u00f3nico<\/div>\n\t\t\t\t   <\/div><div class=\"boc_list_item  \" >\n\t\t\t\t\t<span class=\"li_icon normal \" style=\"\"><i class=\"icon icon-check2\" style=\"color: #3b78a2;\"><\/i><\/span>\n\t\t\t\t\t<div class=\"boc_list_item_text normal\">Back-up de documentos<\/div>\n\t\t\t\t   <\/div>[\/vc_column_inner][\/vc_row_inner][vc_row_inner][vc_column_inner width=\u00bb1\/3&#8243;][\/vc_column_inner][vc_column_inner width=\u00bb1\/3&#8243;]<a\thref=\"https:\/\/bicorppr.com\/es\/nit\/\" \n\t\t\tclass=\"button btn_large btn_theme_color btn_rounded btn_normal_style icon_pos_before   \"  target='_self'> <i class='icon icon-cloud-upload'><\/i> <span>Conoce m\u00e1s<\/span><\/a>[\/vc_column_inner][vc_column_inner width=\u00bb1\/3&#8243;][\/vc_column_inner][\/vc_row_inner][\/vc_column][\/vc_row][vc_row][vc_column]<h3 class=\"boc_heading  center  \"  style=\"margin-bottom: 20px;margin-top: 0px;text-align: center;color: #333333;\"><span>Juntos podemos <strong> lograr las metas de tu negocio <\/strong><\/span><\/h3><div class=\"boc_divider_holder\"><div class=\"boc_divider  \"  style=\"margin-top: 20px;margin-bottom: 20px;width: 60px;margin-left: auto; margin-right: auto;height: 1px;background: #eeeeee;\"><\/div><\/div><div class=\"boc_spacing \" style=\"height: 30px\"><\/div>[vc_row_inner][vc_column_inner width=\u00bb1\/6&#8243;][\/vc_column_inner][vc_column_inner width=\u00bb2\/3&#8243;][vc_column_text]<\/p>\n<h2 style=\"text-align: center;\">D\u00e9janos ayudarte<\/h2>\n<p>[\/vc_column_text][vc_column_text]<\/p>\n<h4 style=\"text-align: center;\">A mejorar tu infraestructura<\/h4>\n<h4 style=\"text-align: center;\">A maximizar tus recursos<\/h4>\n<h4 style=\"text-align: center;\">A lograr eficiencias que promuevan crecimiento<\/h4>\n<p style=\"text-align: center;\"><a class=\"button btn_huge btn_theme_color btn_rounded btn_normal_style icon_pos_before center-button1\" href=\"https:\/\/bicorppr.com\/es\/nit\/\"><i class=\"icon icon-cloud-upload\"><\/i>Conoce m\u00e1s<\/a><\/p>\n<p>[\/vc_column_text][\/vc_column_inner][vc_column_inner width=\u00bb1\/6&#8243;][\/vc_column_inner][\/vc_row_inner]<div class=\"boc_spacing \" style=\"height: 50px\"><\/div>[\/vc_column][\/vc_row][vc_row full_width=\u00bbstretch_row\u00bb bg_type=\u00bbimage\u00bb parallax_style=\u00bbvcpb-vz-jquery\u00bb bg_image_new=\u00bb23765&#8243; bg_image_repeat=\u00bbno-repeat\u00bb parallax_sense=\u00bb40&#8243; disable_on_mobile_img_parallax=\u00bboff\u00bb enable_overlay=\u00bbenable_overlay_value\u00bb overlay_color=\u00bbrgba(3,16,17,0.7)\u00bb overlay_pattern=\u00bb09.png\u00bb overlay_pattern_opacity=\u00bb30&#8243; seperator_enable=\u00bbseperator_enable_value\u00bb seperator_type=\u00bbclouds_seperator\u00bb seperator_position=\u00bbtop_bottom_seperator\u00bb seperator_svg_height=\u00bb100&#8243; seperator_shape_background=\u00bb#ffffff\u00bb icon_type=\u00bbno_icon\u00bb icon_size=\u00bb32&#8243; icon_style=\u00bbnone\u00bb icon_color_border=\u00bb#333333&#8243; icon_border_size=\u00bb1&#8243; icon_border_radius=\u00bb500&#8243; icon_border_spacing=\u00bb50&#8243; img_width=\u00bb48&#8243;][vc_column css=\u00bb.vc_custom_1428494408298{padding-top: 170px !important;padding-right: 130px !important;padding-bottom: 150px !important;padding-left: 130px !important;}\u00bb el_class=\u00bbno_side_padding_in_responsive_column white_text center\u00bb offset=\u00bbvc_col-lg-12 vc_col-md-12 vc_col-xs-12&#8243;]<div class=\"text_box  box_no_bgr \"><div class=\"text_box_content with_button\"><h2>Dale a tu compa\u00f1\u00eda la eficiencia que necesita para alcanzar los objetivos<\/h2>\n\t\t\t\t\t<p><\/p>\n\t\t\t\t<\/div><div class=\"btn_holder\"><a\thref=\"https:\/\/bicorppr.com\/es\/contacto\/\" \n\t\t\t\t\tclass=\"button  btn_medium_stretched btn_blue btn_circled btn_outline icon_pos_after \"  target='_self'><span>Cont\u00e1ctanos<\/span> <i class='icon icon icon-angle-right2'><\/i> <\/a><\/div><\/div><div class=\"boc_spacing \" style=\"height: 20px\"><\/div>[\/vc_column][\/vc_row][vc_row][vc_column]<div class=\"boc_spacing \" style=\"height: 50px\"><\/div>[vc_row_inner][vc_column_inner width=\u00bb1\/6&#8243;][vc_single_image alignment=\u00bbcenter\u00bb onclick=\u00bbcustom_link\u00bb img_link_target=\u00bb_blank\u00bb image=\u00bb24158&#8243; link=\u00bbhttps:\/\/www.microsoft.com\/es-pr\/\u00bb][\/vc_column_inner][vc_column_inner width=\u00bb1\/6&#8243;][vc_single_image alignment=\u00bbcenter\u00bb onclick=\u00bbcustom_link\u00bb img_link_target=\u00bb_blank\u00bb image=\u00bb24163&#8243; link=\u00bbhttps:\/\/www.lenovo.com\/us\/en\/\u00bb][\/vc_column_inner][vc_column_inner width=\u00bb1\/6&#8243;][vc_single_image alignment=\u00bbcenter\u00bb onclick=\u00bbcustom_link\u00bb img_link_target=\u00bb_blank\u00bb image=\u00bb24160&#8243; link=\u00bbhttps:\/\/www.vmware.com\/\u00bb][\/vc_column_inner][vc_column_inner width=\u00bb1\/6&#8243;][vc_single_image alignment=\u00bbcenter\u00bb onclick=\u00bbcustom_link\u00bb img_link_target=\u00bb_blank\u00bb image=\u00bb24162&#8243; link=\u00bbhttps:\/\/www.fortinet.com\/\u00bb][\/vc_column_inner][vc_column_inner width=\u00bb1\/6&#8243;][vc_single_image alignment=\u00bbcenter\u00bb onclick=\u00bbcustom_link\u00bb img_link_target=\u00bb_blank\u00bb image=\u00bb24159&#8243; link=\u00bbhttps:\/\/www.veeam.com\/\u00bb][\/vc_column_inner][vc_column_inner width=\u00bb1\/6&#8243;][vc_single_image alignment=\u00bbcenter\u00bb onclick=\u00bbcustom_link\u00bb img_link_target=\u00bb_blank\u00bb image=\u00bb24161&#8243; link=\u00bbhttps:\/\/www.cisco.com\/\u00bb][\/vc_column_inner][\/vc_row_inner][\/vc_column][\/vc_row]<\/p>\n","protected":false},"excerpt":{"rendered":"<p>[vc_row full_width=\u00bbstretch_row\u00bb bg_type=\u00bbimage\u00bb bg_image_new=\u00bb23694&#8243; bg_image_repeat=\u00bbno-repeat\u00bb bg_image_posiiton=\u00bb0 50%\u00bb parallax_content=\u00bbparallax_content_value\u00bb parallax_content_sense=\u00bb70&#8243; fadeout_row=\u00bbfadeout_row_value\u00bb fadeout_start_effect=\u00bb50&#8243; enable_overlay=\u00bbenable_overlay_value\u00bb overlay_color=\u00bbrgba(3,8,8,0.5)\u00bb seperator_enable=\u00bbseperator_enable_value\u00bb seperator_type=\u00bbxlarge_triangle_seperator\u00bb seperator_position=\u00bbbottom_seperator\u00bb seperator_svg_height=\u00bb100&#8243; seperator_shape_background=\u00bb#ffffff\u00bb css=\u00bb.vc_custom_1443029831130{margin-bottom: 0px !important;padding-top: 240px !important;padding-bottom: 220px !important;}\u00bb][vc_column][\/vc_column][\/vc_row][vc_row][vc_column][vc_column_text el_class=\u00bbhome-whois-bi\u00bb]Aunque no lo creas, la tecnolog\u00eda y los\u00a0procesos de IT juegan una parte importante en el \u00e9xito de tu negocio.\u00a0Business Intelligence of Puerto Rico\u00a0ofrece soluciones de IT dise\u00f1adas especialmente para tu empresa. Somos el apoyo<\/p>\n<div class=\"h10\"><\/div>\n<p><a class=\"more-link2 flat\" href=\"https:\/\/bicorppr.com\/es\/\">Read more<\/a><\/p>\n","protected":false},"author":88891,"featured_media":0,"parent":0,"menu_order":0,"comment_status":"open","ping_status":"closed","template":"","meta":{"footnotes":""},"class_list":["post-24242","page","type-page","status-publish","hentry"],"yoast_head":"<!-- This site is optimized with the Yoast SEO plugin v23.4 - https:\/\/yoast.com\/wordpress\/plugins\/seo\/ -->\n<title>Inicio - Business Intelligence<\/title>\n<meta name=\"description\" content=\"Business Intelligence of Puerto Rico ofrece soluciones de IT dise\u00f1adas especialmente para tu empresa. Somos el apoyo perfecto para tu departamento de tecnolog\u00eda. Proveemos licencias, asesor\u00eda, actualizaci\u00f3n de infraestructura y m\u00e1s.\" \/>\n<meta name=\"robots\" content=\"index, follow, max-snippet:-1, max-image-preview:large, max-video-preview:-1\" \/>\n<link rel=\"canonical\" href=\"https:\/\/bicorppr.com\/es\/\" \/>\n<meta property=\"og:locale\" content=\"es_ES\" \/>\n<meta property=\"og:type\" content=\"article\" \/>\n<meta property=\"og:title\" content=\"Inicio - Business Intelligence\" \/>\n<meta property=\"og:description\" content=\"Business Intelligence of Puerto Rico ofrece soluciones de IT dise\u00f1adas especialmente para tu empresa. Somos el apoyo perfecto para tu departamento de tecnolog\u00eda. Proveemos licencias, asesor\u00eda, actualizaci\u00f3n de infraestructura y m\u00e1s.\" \/>\n<meta property=\"og:url\" content=\"https:\/\/bicorppr.com\/es\/\" \/>\n<meta property=\"og:site_name\" content=\"Business Intelligence\" \/>\n<meta property=\"article:modified_time\" content=\"2016-05-04T14:38:38+00:00\" \/>\n<meta name=\"twitter:label1\" content=\"Tiempo de lectura\" \/>\n\t<meta name=\"twitter:data1\" content=\"6 minutos\" \/>\n<script type=\"application\/ld+json\" class=\"yoast-schema-graph\">{\"@context\":\"https:\/\/schema.org\",\"@graph\":[{\"@type\":\"WebPage\",\"@id\":\"https:\/\/bicorppr.com\/es\/\",\"url\":\"https:\/\/bicorppr.com\/es\/\",\"name\":\"Inicio - Business Intelligence\",\"isPartOf\":{\"@id\":\"https:\/\/bicorppr.com\/#website\"},\"datePublished\":\"2016-02-15T16:26:17+00:00\",\"dateModified\":\"2016-05-04T14:38:38+00:00\",\"description\":\"Business Intelligence of Puerto Rico ofrece soluciones de IT dise\u00f1adas especialmente para tu empresa. Somos el apoyo perfecto para tu departamento de tecnolog\u00eda. Proveemos licencias, asesor\u00eda, actualizaci\u00f3n de infraestructura y m\u00e1s.\",\"inLanguage\":\"es\",\"potentialAction\":[{\"@type\":\"ReadAction\",\"target\":[\"https:\/\/bicorppr.com\/es\/\"]}]},{\"@type\":\"WebSite\",\"@id\":\"https:\/\/bicorppr.com\/#website\",\"url\":\"https:\/\/bicorppr.com\/\",\"name\":\"Business Intelligence\",\"description\":\"Your IT Solutions Provider\",\"potentialAction\":[{\"@type\":\"SearchAction\",\"target\":{\"@type\":\"EntryPoint\",\"urlTemplate\":\"https:\/\/bicorppr.com\/?s={search_term_string}\"},\"query-input\":{\"@type\":\"PropertyValueSpecification\",\"valueRequired\":true,\"valueName\":\"search_term_string\"}}],\"inLanguage\":\"es\"}]}<\/script>\n<!-- \/ Yoast SEO plugin. -->","yoast_head_json":{"title":"Inicio - Business Intelligence","description":"Business Intelligence of Puerto Rico ofrece soluciones de IT dise\u00f1adas especialmente para tu empresa. Somos el apoyo perfecto para tu departamento de tecnolog\u00eda. Proveemos licencias, asesor\u00eda, actualizaci\u00f3n de infraestructura y m\u00e1s.","robots":{"index":"index","follow":"follow","max-snippet":"max-snippet:-1","max-image-preview":"max-image-preview:large","max-video-preview":"max-video-preview:-1"},"canonical":"https:\/\/bicorppr.com\/es\/","og_locale":"es_ES","og_type":"article","og_title":"Inicio - Business Intelligence","og_description":"Business Intelligence of Puerto Rico ofrece soluciones de IT dise\u00f1adas especialmente para tu empresa. Somos el apoyo perfecto para tu departamento de tecnolog\u00eda. Proveemos licencias, asesor\u00eda, actualizaci\u00f3n de infraestructura y m\u00e1s.","og_url":"https:\/\/bicorppr.com\/es\/","og_site_name":"Business Intelligence","article_modified_time":"2016-05-04T14:38:38+00:00","twitter_misc":{"Tiempo de lectura":"6 minutos"},"schema":{"@context":"https:\/\/schema.org","@graph":[{"@type":"WebPage","@id":"https:\/\/bicorppr.com\/es\/","url":"https:\/\/bicorppr.com\/es\/","name":"Inicio - Business Intelligence","isPartOf":{"@id":"https:\/\/bicorppr.com\/#website"},"datePublished":"2016-02-15T16:26:17+00:00","dateModified":"2016-05-04T14:38:38+00:00","description":"Business Intelligence of Puerto Rico ofrece soluciones de IT dise\u00f1adas especialmente para tu empresa. Somos el apoyo perfecto para tu departamento de tecnolog\u00eda. Proveemos licencias, asesor\u00eda, actualizaci\u00f3n de infraestructura y m\u00e1s.","inLanguage":"es","potentialAction":[{"@type":"ReadAction","target":["https:\/\/bicorppr.com\/es\/"]}]},{"@type":"WebSite","@id":"https:\/\/bicorppr.com\/#website","url":"https:\/\/bicorppr.com\/","name":"Business Intelligence","description":"Your IT Solutions Provider","potentialAction":[{"@type":"SearchAction","target":{"@type":"EntryPoint","urlTemplate":"https:\/\/bicorppr.com\/?s={search_term_string}"},"query-input":{"@type":"PropertyValueSpecification","valueRequired":true,"valueName":"search_term_string"}}],"inLanguage":"es"}]}},"_links":{"self":[{"href":"https:\/\/bicorppr.com\/es\/wp-json\/wp\/v2\/pages\/24242\/"}],"collection":[{"href":"https:\/\/bicorppr.com\/es\/wp-json\/wp\/v2\/pages\/"}],"about":[{"href":"https:\/\/bicorppr.com\/es\/wp-json\/wp\/v2\/types\/page\/"}],"author":[{"embeddable":true,"href":"https:\/\/bicorppr.com\/es\/wp-json\/wp\/v2\/users\/88891\/"}],"replies":[{"embeddable":true,"href":"https:\/\/bicorppr.com\/es\/wp-json\/wp\/v2\/comments\/?post=24242"}],"version-history":[{"count":0,"href":"https:\/\/bicorppr.com\/es\/wp-json\/wp\/v2\/pages\/24242\/revisions\/"}],"wp:attachment":[{"href":"https:\/\/bicorppr.com\/es\/wp-json\/wp\/v2\/media\/?parent=24242"}],"curies":[{"name":"wp","href":"https:\/\/api.w.org\/{rel}","templated":true}]}}