{"id":24254,"date":"2016-02-15T12:26:28","date_gmt":"2016-02-15T16:26:28","guid":{"rendered":"https:\/\/bicorppr.com\/?page_id=24254&#038;lang=es"},"modified":"2016-04-06T13:13:26","modified_gmt":"2016-04-06T17:13:26","slug":"servicios","status":"publish","type":"page","link":"https:\/\/bicorppr.com\/es\/servicios\/","title":{"rendered":"Servicios"},"content":{"rendered":"<p>[vc_row full_width=\u00bbstretch_row\u00bb bg_type=\u00bbimage\u00bb parallax_style=\u00bbvcpb-vz-jquery\u00bb bg_image_new=\u00bb24022&#8243; bg_image_repeat=\u00bbno-repeat\u00bb parallax_sense=\u00bb40&#8243; disable_on_mobile_img_parallax=\u00bboff\u00bb parallax_content=\u00bboff\u00bb fadeout_row=\u00bboff\u00bb enable_overlay=\u00bbenable_overlay_value\u00bb overlay_color=\u00bbrgba(0,0,0,0.34)\u00bb css=\u00bb.vc_custom_1445452812598{margin-bottom: 0px !important;padding-top: 240px !important;padding-bottom: 160px !important;}\u00bb][vc_column]<h1 class=\"boc_heading  center  \"  style=\"margin-bottom: 20px;margin-top: 0px;text-align: center;color: #ffffff;font-size: 52px;\"><span>Servicios para <strong style=\"color: #cccccc;\">tu negocio<\/strong><\/span><\/h1><div class=\"boc_divider_holder\"><div class=\"boc_divider  \"  style=\"margin-top: 16px;margin-bottom: 20px;width: 100px;margin-left: auto; margin-right: auto;height: 1px;background: rgba(255,255,255,0.15);\"><\/div><\/div><h2 class=\"boc_heading  center  boc_subheading \"  style=\"margin-bottom: 20px;margin-top: 0px;text-align: center;color: rgba(255,255,255,0.8);font-size: 26px;\"><span>Apoyo t\u00e9cnico y consultor\u00eda <\/span><\/h2>[\/vc_column][\/vc_row][vc_row][vc_column]<div class=\"boc_spacing \" style=\"height: 50px\"><\/div>[\/vc_column][\/vc_row][vc_row][vc_column]<h1 class=\"boc_heading  center  \"  style=\"margin-bottom: 20px;margin-top: 0px;text-align: center;color: #333;\"><span>Consultor\u00eda para <strong>tu negocio<\/strong><\/span><\/h1>[vc_column_text]Necesitas soluciones de tecnolog\u00eda personalizadas para darle impulso a tu estrategia de IT y acelerar los procesos en tu empresa. Nuestros asesores te ayudan a dise\u00f1arlas. Adem\u00e1s, est\u00e1n enfocados en cumplir con las fechas estipuladas y colaborar con\u00a0el crecimiento de tu negocio.[\/vc_column_text][\/vc_column][\/vc_row][vc_row][vc_column width=\u00bb1\/6&#8243;][\/vc_column][vc_column width=\u00bb2\/3&#8243;]<div class=\"side_icon_box xlarge  \"><span class=\"icon_feat \" style=\"\"><i class=\"icon icon-tools\" style=\"\"><\/i><\/span><h3>Project Management<\/h3><div class=\"side_icon_box_content\">Cada proyecto debe tener un plan. Y, para desarrollarlo, hay que entender las necesidades del mismo, crear reportes detallados y tener una comunicaci\u00f3n excelente con tu equipo interno\u00a0de IT.<\/div><\/div><div class=\"side_icon_box xlarge  \"><span class=\"icon_feat \" style=\"\"><i class=\"icon icon-sitemap\" style=\"\"><\/i><\/span><h3>Planificaci\u00f3n y despliegue de estrategia <\/h3><div class=\"side_icon_box_content\">Estudiamos la estructura y procesos de IT de tu empresa para establecer un plan con objetivos reales y definidos. Adem\u00e1s, evaluamos nuestro desempe\u00f1o estableciendo KPIs y nos aseguramos de identificar oportunidades para crear ventaja competitiva.<\/div><\/div><div class=\"side_icon_box xlarge  \"><span class=\"icon_feat \" style=\"\"><i class=\"icon icon-search\" style=\"\"><\/i><\/span><h3>An\u00e1lisis propietario <\/h3><div class=\"side_icon_box_content\">Cada empresa es un mundo con situaciones espec\u00edficas. Nuestra meta es dise\u00f1ar soluciones que se ajusten a tu negocio y sobrepasen tus expectativas.<\/div><\/div><div class=\"side_icon_box xlarge  \"><span class=\"icon_feat \" style=\"\"><i class=\"icon icon-plugin\" style=\"\"><\/i><\/span><h3>Selecci\u00f3n de proveedores <\/h3><div class=\"side_icon_box_content\">Te ayudamos a definir y estructurar la selecci\u00f3n de proveedores. Tambi\u00e9n te asistimos en la traducci\u00f3n de especificaciones\u00a0a\u00a0los formatos requeridos, negociaci\u00f3n de contrato, RFIs y RFPs, evaluaci\u00f3n de las herramientas e implementaci\u00f3n.<\/div><\/div>[\/vc_column][vc_column width=\u00bb1\/6&#8243;][\/vc_column][\/vc_row][vc_row][vc_column]<div class=\"boc_divider_holder\"><div class=\"boc_divider  \"  style=\"margin-top: 30px;margin-bottom: 30px;height: 1px;background: #eeeeee;\"><\/div><\/div>[\/vc_column][\/vc_row][vc_row][vc_column]<h1 class=\"boc_heading  center  \"  style=\"margin-bottom: 20px;margin-top: 0px;text-align: center;color: #333333;\"><span>Soluciones <strong>para redes<\/strong><\/span><\/h1>[vc_column_text]Cada negocio tiene su expertise. El nuestro es la tecnolog\u00eda. D\u00e9janos poner nuestro conocimiento al servicio de tu empresa para que tengas tecnolog\u00eda eficiente y bien utilizada.[\/vc_column_text][\/vc_column][\/vc_row][vc_row][vc_column width=\u00bb1\/6&#8243;][\/vc_column][vc_column width=\u00bb2\/3&#8243;]<div class=\"side_icon_box xlarge  \"><span class=\"icon_feat \" style=\"\"><i class=\"icon icon-network2\" style=\"\"><\/i><\/span><h3>Dise\u00f1o de arquitectura LAN\/WAN <\/h3><div class=\"side_icon_box_content\">Siempre examinamos, documentamos y evaluamos tu infraestructura cuidadosamente. Luego de analizar los hallazgos, identificamos problemas y preparamos recomendaciones exhaustivas para atenderlos.<\/div><\/div><div class=\"side_icon_box xlarge  \"><span class=\"icon_feat \" style=\"\"><i class=\"icon icon-network2\" style=\"\"><\/i><\/span><h3>Implementaci\u00f3n de soluciones LAN\/WAN <\/h3><div class=\"side_icon_box_content\">\u00bfNecesitas conexi\u00f3n? Manejamos e implementamos Local Area Networks (LAN\u2019s), Wide Area Networks (WAN\u2019s) y Virtual Private Networks (VPN\u2019s).<\/div><\/div><div class=\"side_icon_box xlarge  \"><span class=\"icon_feat \" style=\"\"><i class=\"icon icon-comments\" style=\"\"><\/i><\/span><h3>Sistemas de mensajer\u00eda y correo electr\u00f3nico <\/h3><div class=\"side_icon_box_content\">El e-mail es la forma de comunicaci\u00f3n interna m\u00e1s importante que tiene tu negocio. As\u00ed que es fundamental que est\u00e9 implementada correctamente. D\u00e9janos encargarnos de todos los pormenores, desde la migraci\u00f3n hasta la infraestructura.<\/div><\/div><div class=\"side_icon_box xlarge  \"><span class=\"icon_feat \" style=\"\"><i class=\"icon icon-lock\" style=\"\"><\/i><\/span><h3>Implementaci\u00f3n de Firewall y Servidores Seguros<\/h3><div class=\"side_icon_box_content\">No hay nada m\u00e1s importante que proteger la informaci\u00f3n de tu negocio. Permite que evaluemos la seguridad de tu servidores y hacer los ajustes necesarios para proteger todos tus datos.<\/div><\/div><div class=\"side_icon_box xlarge  \"><span class=\"icon_feat \" style=\"\"><i class=\"icon icon-server\" style=\"\"><\/i><\/span><h3>Integraci\u00f3n de VPN<\/h3><div class=\"side_icon_box_content\">Cada empresa tiene necesidades de comunicaci\u00f3n particulares. D\u00e9janos entender las tuyas para crear la infraestructura de VPN que necesitas. Nuestro servicio incluye el desarrollo de sus\u00a0pol\u00edticas y estrategias.<\/div><\/div><div class=\"side_icon_box xlarge  \"><span class=\"icon_feat \" style=\"\"><i class=\"icon icon-lock\" style=\"\"><\/i><\/span><h3>Evaluaci\u00f3n y dise\u00f1o de seguridad<\/h3><div class=\"side_icon_box_content\">Todo negocio que utiliza tecnolog\u00eda para su funcionamiento diario est\u00e1 susceptible a fallas de seguridad. Nuestra misi\u00f3n es reducir las posibilidades de ataque y asegurar la integridad\u00a0de los correos electr\u00f3nicos, acceso a Internet y funcionalidad de programas de los equipos de tus empleados.<\/div><\/div>[\/vc_column][vc_column width=\u00bb1\/6&#8243;][\/vc_column][\/vc_row][vc_row full_width=\u00bbstretch_row\u00bb bg_type=\u00bbimage\u00bb parallax_style=\u00bbvcpb-vz-jquery\u00bb bg_image_new=\u00bb23765&#8243; bg_image_repeat=\u00bbno-repeat\u00bb parallax_sense=\u00bb40&#8243; disable_on_mobile_img_parallax=\u00bboff\u00bb enable_overlay=\u00bbenable_overlay_value\u00bb overlay_color=\u00bbrgba(3,16,17,0.7)\u00bb overlay_pattern=\u00bb09.png\u00bb overlay_pattern_opacity=\u00bb30&#8243; seperator_enable=\u00bbseperator_enable_value\u00bb seperator_type=\u00bbclouds_seperator\u00bb seperator_position=\u00bbtop_bottom_seperator\u00bb seperator_svg_height=\u00bb100&#8243; seperator_shape_background=\u00bb#ffffff\u00bb icon_type=\u00bbno_icon\u00bb icon_size=\u00bb32&#8243; icon_style=\u00bbnone\u00bb icon_color_border=\u00bb#333333&#8243; icon_border_size=\u00bb1&#8243; icon_border_radius=\u00bb500&#8243; icon_border_spacing=\u00bb50&#8243; img_width=\u00bb48&#8243;][vc_column css=\u00bb.vc_custom_1428494408298{padding-top: 170px !important;padding-right: 130px !important;padding-bottom: 150px !important;padding-left: 130px !important;}\u00bb el_class=\u00bbno_side_padding_in_responsive_column white_text center\u00bb offset=\u00bbvc_col-lg-12 vc_col-md-12 vc_col-xs-12&#8243;]<div class=\"text_box strong21 box_no_bgr \"><div class=\"text_box_content with_button\"><h2>Maneja tu negocio con bundles desde $25 al mes<\/h2>\n\t\t\t\t\t<p><\/p>\n\t\t\t\t<\/div><div class=\"btn_holder\"><a\thref=\"https:\/\/bicorppr.com\/es\/nit\/\" \n\t\t\t\t\tclass=\"button  btn_medium_stretched btn_blue btn_circled btn_outline icon_pos_after \"  target='_self'><span>Conoce m\u00e1s aqu\u00ed<\/span> <i class='icon icon icon-angle-right2'><\/i> <\/a><\/div><\/div><div class=\"boc_divider_holder\"><div class=\"boc_divider  \"  style=\"margin-top: 20px;margin-bottom: 20px;width: 100px;margin-left: auto; margin-right: auto;height: 1px;background: rgba(255,255,255,0.17);\"><\/div><\/div><div class=\"boc_spacing \" style=\"height: 20px\"><\/div>[\/vc_column][\/vc_row][vc_row][vc_column][\/vc_column][\/vc_row][vc_row][vc_column]<div class=\"boc_spacing \" style=\"height: 50px\"><\/div>[vc_row_inner][vc_column_inner width=\u00bb1\/6&#8243;][vc_single_image alignment=\u00bbcenter\u00bb onclick=\u00bbcustom_link\u00bb img_link_target=\u00bb_blank\u00bb image=\u00bb24158&#8243; link=\u00bbhttps:\/\/www.microsoft.com\/es-pr\/\u00bb][\/vc_column_inner][vc_column_inner width=\u00bb1\/6&#8243;][vc_single_image alignment=\u00bbcenter\u00bb onclick=\u00bbcustom_link\u00bb img_link_target=\u00bb_blank\u00bb image=\u00bb24163&#8243; link=\u00bbhttps:\/\/www.lenovo.com\/us\/en\/\u00bb][\/vc_column_inner][vc_column_inner width=\u00bb1\/6&#8243;][vc_single_image alignment=\u00bbcenter\u00bb onclick=\u00bbcustom_link\u00bb img_link_target=\u00bb_blank\u00bb image=\u00bb24160&#8243; link=\u00bbhttps:\/\/www.vmware.com\/\u00bb][\/vc_column_inner][vc_column_inner width=\u00bb1\/6&#8243;][vc_single_image alignment=\u00bbcenter\u00bb onclick=\u00bbcustom_link\u00bb img_link_target=\u00bb_blank\u00bb image=\u00bb24162&#8243; link=\u00bbhttps:\/\/www.fortinet.com\/\u00bb][\/vc_column_inner][vc_column_inner width=\u00bb1\/6&#8243;][vc_single_image alignment=\u00bbcenter\u00bb onclick=\u00bbcustom_link\u00bb img_link_target=\u00bb_blank\u00bb image=\u00bb24159&#8243; link=\u00bbhttps:\/\/www.veeam.com\/\u00bb][\/vc_column_inner][vc_column_inner width=\u00bb1\/6&#8243;][vc_single_image alignment=\u00bbcenter\u00bb onclick=\u00bbcustom_link\u00bb img_link_target=\u00bb_blank\u00bb image=\u00bb24161&#8243; link=\u00bbhttps:\/\/www.cisco.com\/\u00bb][\/vc_column_inner][\/vc_row_inner][\/vc_column][\/vc_row]<\/p>\n","protected":false},"excerpt":{"rendered":"<p>[vc_row full_width=\u00bbstretch_row\u00bb bg_type=\u00bbimage\u00bb parallax_style=\u00bbvcpb-vz-jquery\u00bb bg_image_new=\u00bb24022&#8243; bg_image_repeat=\u00bbno-repeat\u00bb parallax_sense=\u00bb40&#8243; disable_on_mobile_img_parallax=\u00bboff\u00bb parallax_content=\u00bboff\u00bb fadeout_row=\u00bboff\u00bb enable_overlay=\u00bbenable_overlay_value\u00bb overlay_color=\u00bbrgba(0,0,0,0.34)\u00bb css=\u00bb.vc_custom_1445452812598{margin-bottom: 0px !important;padding-top: 240px !important;padding-bottom: 160px !important;}\u00bb][vc_column][\/vc_column][\/vc_row][vc_row][vc_column][\/vc_column][\/vc_row][vc_row][vc_column][vc_column_text]Necesitas soluciones de tecnolog\u00eda personalizadas para darle impulso a tu estrategia de IT y acelerar los procesos en tu empresa. Nuestros asesores te ayudan a dise\u00f1arlas. Adem\u00e1s, est\u00e1n enfocados en cumplir con las fechas estipuladas y colaborar con\u00a0el crecimiento de tu negocio.[\/vc_column_text][\/vc_column][\/vc_row][vc_row][vc_column<\/p>\n<div class=\"h10\"><\/div>\n<p><a class=\"more-link2 flat\" href=\"https:\/\/bicorppr.com\/es\/servicios\/\">Read more<\/a><\/p>\n","protected":false},"author":88891,"featured_media":0,"parent":0,"menu_order":0,"comment_status":"open","ping_status":"closed","template":"","meta":{"footnotes":""},"class_list":["post-24254","page","type-page","status-publish","hentry"],"yoast_head":"<!-- This site is optimized with the Yoast SEO plugin v23.4 - https:\/\/yoast.com\/wordpress\/plugins\/seo\/ -->\n<title>Servicios - Business Intelligence<\/title>\n<meta name=\"description\" content=\"Recibe Account manager dedicado, Office 365 Business Essentials, monitoring client, help desk support, migraciones de correo electr\u00f3nico, antivirus, desktop backup Para equipos de m\u00e1s de 35 personas\" \/>\n<meta name=\"robots\" content=\"index, follow, max-snippet:-1, max-image-preview:large, max-video-preview:-1\" \/>\n<link rel=\"canonical\" href=\"https:\/\/bicorppr.com\/es\/servicios\/\" \/>\n<meta property=\"og:locale\" content=\"es_ES\" \/>\n<meta property=\"og:type\" content=\"article\" \/>\n<meta property=\"og:title\" content=\"Servicios - Business Intelligence\" \/>\n<meta property=\"og:description\" content=\"Recibe Account manager dedicado, Office 365 Business Essentials, monitoring client, help desk support, migraciones de correo electr\u00f3nico, antivirus, desktop backup Para equipos de m\u00e1s de 35 personas\" \/>\n<meta property=\"og:url\" content=\"https:\/\/bicorppr.com\/es\/servicios\/\" \/>\n<meta property=\"og:site_name\" content=\"Business Intelligence\" \/>\n<meta property=\"article:modified_time\" content=\"2016-04-06T17:13:26+00:00\" \/>\n<meta name=\"twitter:label1\" content=\"Tiempo de lectura\" \/>\n\t<meta name=\"twitter:data1\" content=\"6 minutos\" \/>\n<script type=\"application\/ld+json\" class=\"yoast-schema-graph\">{\"@context\":\"https:\/\/schema.org\",\"@graph\":[{\"@type\":\"WebPage\",\"@id\":\"https:\/\/bicorppr.com\/es\/servicios\/\",\"url\":\"https:\/\/bicorppr.com\/es\/servicios\/\",\"name\":\"Servicios - Business Intelligence\",\"isPartOf\":{\"@id\":\"https:\/\/bicorppr.com\/#website\"},\"datePublished\":\"2016-02-15T16:26:28+00:00\",\"dateModified\":\"2016-04-06T17:13:26+00:00\",\"description\":\"Recibe Account manager dedicado, Office 365 Business Essentials, monitoring client, help desk support, migraciones de correo electr\u00f3nico, antivirus, desktop backup Para equipos de m\u00e1s de 35 personas\",\"inLanguage\":\"es\",\"potentialAction\":[{\"@type\":\"ReadAction\",\"target\":[\"https:\/\/bicorppr.com\/es\/servicios\/\"]}]},{\"@type\":\"WebSite\",\"@id\":\"https:\/\/bicorppr.com\/#website\",\"url\":\"https:\/\/bicorppr.com\/\",\"name\":\"Business Intelligence\",\"description\":\"Your IT Solutions Provider\",\"potentialAction\":[{\"@type\":\"SearchAction\",\"target\":{\"@type\":\"EntryPoint\",\"urlTemplate\":\"https:\/\/bicorppr.com\/?s={search_term_string}\"},\"query-input\":{\"@type\":\"PropertyValueSpecification\",\"valueRequired\":true,\"valueName\":\"search_term_string\"}}],\"inLanguage\":\"es\"}]}<\/script>\n<!-- \/ Yoast SEO plugin. -->","yoast_head_json":{"title":"Servicios - Business Intelligence","description":"Recibe Account manager dedicado, Office 365 Business Essentials, monitoring client, help desk support, migraciones de correo electr\u00f3nico, antivirus, desktop backup Para equipos de m\u00e1s de 35 personas","robots":{"index":"index","follow":"follow","max-snippet":"max-snippet:-1","max-image-preview":"max-image-preview:large","max-video-preview":"max-video-preview:-1"},"canonical":"https:\/\/bicorppr.com\/es\/servicios\/","og_locale":"es_ES","og_type":"article","og_title":"Servicios - Business Intelligence","og_description":"Recibe Account manager dedicado, Office 365 Business Essentials, monitoring client, help desk support, migraciones de correo electr\u00f3nico, antivirus, desktop backup Para equipos de m\u00e1s de 35 personas","og_url":"https:\/\/bicorppr.com\/es\/servicios\/","og_site_name":"Business Intelligence","article_modified_time":"2016-04-06T17:13:26+00:00","twitter_misc":{"Tiempo de lectura":"6 minutos"},"schema":{"@context":"https:\/\/schema.org","@graph":[{"@type":"WebPage","@id":"https:\/\/bicorppr.com\/es\/servicios\/","url":"https:\/\/bicorppr.com\/es\/servicios\/","name":"Servicios - Business Intelligence","isPartOf":{"@id":"https:\/\/bicorppr.com\/#website"},"datePublished":"2016-02-15T16:26:28+00:00","dateModified":"2016-04-06T17:13:26+00:00","description":"Recibe Account manager dedicado, Office 365 Business Essentials, monitoring client, help desk support, migraciones de correo electr\u00f3nico, antivirus, desktop backup Para equipos de m\u00e1s de 35 personas","inLanguage":"es","potentialAction":[{"@type":"ReadAction","target":["https:\/\/bicorppr.com\/es\/servicios\/"]}]},{"@type":"WebSite","@id":"https:\/\/bicorppr.com\/#website","url":"https:\/\/bicorppr.com\/","name":"Business Intelligence","description":"Your IT Solutions Provider","potentialAction":[{"@type":"SearchAction","target":{"@type":"EntryPoint","urlTemplate":"https:\/\/bicorppr.com\/?s={search_term_string}"},"query-input":{"@type":"PropertyValueSpecification","valueRequired":true,"valueName":"search_term_string"}}],"inLanguage":"es"}]}},"_links":{"self":[{"href":"https:\/\/bicorppr.com\/es\/wp-json\/wp\/v2\/pages\/24254\/"}],"collection":[{"href":"https:\/\/bicorppr.com\/es\/wp-json\/wp\/v2\/pages\/"}],"about":[{"href":"https:\/\/bicorppr.com\/es\/wp-json\/wp\/v2\/types\/page\/"}],"author":[{"embeddable":true,"href":"https:\/\/bicorppr.com\/es\/wp-json\/wp\/v2\/users\/88891\/"}],"replies":[{"embeddable":true,"href":"https:\/\/bicorppr.com\/es\/wp-json\/wp\/v2\/comments\/?post=24254"}],"version-history":[{"count":0,"href":"https:\/\/bicorppr.com\/es\/wp-json\/wp\/v2\/pages\/24254\/revisions\/"}],"wp:attachment":[{"href":"https:\/\/bicorppr.com\/es\/wp-json\/wp\/v2\/media\/?parent=24254"}],"curies":[{"name":"wp","href":"https:\/\/api.w.org\/{rel}","templated":true}]}}